{"id":421,"date":"2024-08-28T12:34:14","date_gmt":"2024-08-28T12:34:14","guid":{"rendered":"https:\/\/playfate.com\/mention-legale\/"},"modified":"2025-08-01T14:33:19","modified_gmt":"2025-08-01T14:33:19","slug":"mention-legale","status":"publish","type":"page","link":"https:\/\/playfate.com\/fr\/mention-legale\/","title":{"rendered":"Mention l\u00e9gale"},"content":{"rendered":"\t\t<div data-elementor-type=\"wp-page\" data-elementor-id=\"421\" class=\"elementor elementor-421 elementor-68\" data-elementor-post-type=\"page\">\n\t\t\t\t<div class=\"elementor-element elementor-element-2549d67e e-con-full e-flex e-con e-parent\" data-id=\"2549d67e\" data-element_type=\"container\" data-e-type=\"container\" data-settings=\"{&quot;background_background&quot;:&quot;classic&quot;}\">\n\t\t<div class=\"elementor-element elementor-element-cb100a1 e-flex e-con-boxed e-con e-child\" data-id=\"cb100a1\" data-element_type=\"container\" data-e-type=\"container\">\n\t\t\t\t\t<div class=\"e-con-inner\">\n\t\t\t\t<div class=\"elementor-element elementor-element-01ab42b elementor-widget elementor-widget-heading\" data-id=\"01ab42b\" data-element_type=\"widget\" data-e-type=\"widget\" data-widget_type=\"heading.default\">\n\t\t\t\t\t<h1 class=\"elementor-heading-title elementor-size-default\">Mention l\u00e9gale<\/h1>\t\t\t\t<\/div>\n\t\t\t\t<div class=\"elementor-element elementor-element-1164c0b1 elementor-widget elementor-widget-text-editor\" data-id=\"1164c0b1\" data-element_type=\"widget\" data-e-type=\"widget\" data-widget_type=\"text-editor.default\">\n\t\t\t\t\t\t\t\t\t<p><strong>gamigo US Inc.<\/strong><br \/>3800 Quick Hill Road<br \/>Austin, TX 78728<br \/>\u00c9tats-Unis<\/p>\n<p>Si\u00e8ge social : 850 New Burton Road, Suite 201, Dover, Comt\u00e9 de Kent, Delaware 19904, \u00c9tats-Unis<\/p>\n<p>E-mail: <a href=\"mailto:corp-help@wildtangent.com\">corp-help@wildtangent.com<\/a> (Pas pour les demandes d&rsquo;assistance)<\/p>\n<p>D\u00e9l\u00e9gu\u00e9 \u00e0 la protection des mineurs : Dr. Andreas Lober<br \/><a href=\"mailto:youthprotection@gamigo.com\">youthprotection@gamigo.com<\/a><\/p>\n<p>PDG : Wolfgang Duhr<\/p>\n<p>Soci\u00e9t\u00e9 du Delaware<br \/>Num\u00e9ro de dossier : 7097021<br \/>Num\u00e9ro de TVA : EU 276 015 462<\/p>\n<p>Contr\u00f4le \u00e9ditoriel (en accord avec l&rsquo;article 18, paragraphe 2, du MStV allemand) effectu\u00e9 par :<br \/>Wolfgang Duhr<br \/>Behringstra\u00dfe 16b<br \/>22765 Hamburg<br \/>Allemagne<\/p>\n<p>Nous ne participons pas \u00e0 des proc\u00e9dures de r\u00e8glements de diff\u00e9rends aupr\u00e8s d&rsquo;un service consommateur, et n&rsquo;y sommes aucunement tenus.<\/p>\n\t\t\t\t\t\t\t\t<\/div>\n\t\t\t\t\t<\/div>\n\t\t\t\t<\/div>\n\t\t\t\t<\/div>\n\t\t<div class=\"elementor-element elementor-element-4c515d4 e-con-full stone-divider-section e-flex e-con e-parent\" data-id=\"4c515d4\" data-element_type=\"container\" data-e-type=\"container\" data-settings=\"{&quot;background_background&quot;:&quot;classic&quot;}\">\n\t\t\t\t<\/div>\n\t\t\t\t<\/div>\n\t\t","protected":false},"excerpt":{"rendered":"<p>gamigo US Inc.3800 Quick Hill RoadAustin, TX 78728\u00c9tats-Unis Si\u00e8ge social : 850 New Burton Road, Suite 201, Dover, Comt\u00e9 de Kent, Delaware 19904, \u00c9tats-Unis E-mail: corp-help@wildtangent.com (Pas pour les demandes d&rsquo;assistance) D\u00e9l\u00e9gu\u00e9 \u00e0 la protection des mineurs : Dr. Andreas Loberyouthprotection@gamigo.com PDG : Wolfgang Duhr Soci\u00e9t\u00e9 du DelawareNum\u00e9ro de dossier : 7097021Num\u00e9ro de TVA : [&hellip;]<\/p>\n","protected":false},"author":1,"featured_media":0,"parent":0,"menu_order":0,"comment_status":"closed","ping_status":"closed","template":"","meta":{"_acf_changed":false,"footnotes":""},"class_list":["post-421","page","type-page","status-publish","hentry"],"acf":[],"_links":{"self":[{"href":"https:\/\/playfate.com\/fr\/wp-json\/wp\/v2\/pages\/421","targetHints":{"allow":["GET"]}}],"collection":[{"href":"https:\/\/playfate.com\/fr\/wp-json\/wp\/v2\/pages"}],"about":[{"href":"https:\/\/playfate.com\/fr\/wp-json\/wp\/v2\/types\/page"}],"author":[{"embeddable":true,"href":"https:\/\/playfate.com\/fr\/wp-json\/wp\/v2\/users\/1"}],"replies":[{"embeddable":true,"href":"https:\/\/playfate.com\/fr\/wp-json\/wp\/v2\/comments?post=421"}],"version-history":[{"count":0,"href":"https:\/\/playfate.com\/fr\/wp-json\/wp\/v2\/pages\/421\/revisions"}],"wp:attachment":[{"href":"https:\/\/playfate.com\/fr\/wp-json\/wp\/v2\/media?parent=421"}],"curies":[{"name":"wp","href":"https:\/\/api.w.org\/{rel}","templated":true}]}}