{"id":1140,"date":"2026-03-31T21:06:24","date_gmt":"2026-03-31T21:06:24","guid":{"rendered":"https:\/\/playfate.com\/dlc\/prometheus\/"},"modified":"2026-04-22T12:02:04","modified_gmt":"2026-04-22T12:02:04","slug":"prometheus","status":"publish","type":"page","link":"https:\/\/playfate.com\/fr\/dlc\/prometheus\/","title":{"rendered":"Prometheus"},"content":{"rendered":"\t\t<div data-elementor-type=\"wp-page\" data-elementor-id=\"1140\" class=\"elementor elementor-1140 elementor-1057\" data-elementor-post-type=\"page\">\n\t\t\t\t<div class=\"elementor-element elementor-element-431679b e-con-full e-flex e-con e-parent\" data-id=\"431679b\" data-element_type=\"container\" data-e-type=\"container\">\n\t\t<div class=\"elementor-element elementor-element-f4465ea e-con-full e-flex e-con e-child\" data-id=\"f4465ea\" data-element_type=\"container\" data-e-type=\"container\" data-settings=\"{&quot;background_background&quot;:&quot;classic&quot;}\">\n\t\t<div class=\"elementor-element elementor-element-bfc3379 e-con-full elementor-hidden-widescreen elementor-hidden-desktop elementor-hidden-laptop elementor-hidden-tablet_extra elementor-hidden-tablet elementor-hidden-mobile_extra elementor-hidden-mobile e-flex e-con e-child\" data-id=\"bfc3379\" data-element_type=\"container\" data-e-type=\"container\">\n\t\t\t\t<\/div>\n\t\t\t\t<div class=\"elementor-element elementor-element-655c0c2 elementor-widget elementor-widget-image\" data-id=\"655c0c2\" data-element_type=\"widget\" data-e-type=\"widget\" data-widget_type=\"image.default\">\n\t\t\t\t\t\t\t\t\t\t\t\t<figure class=\"wp-caption\">\n\t\t\t\t\t\t\t\t\t\t<img fetchpriority=\"high\" decoding=\"async\" width=\"600\" height=\"274\" src=\"https:\/\/playfate.com\/wp-content\/uploads\/2026\/03\/fate-reawakened-prometheus.webp\" class=\"attachment-full size-full wp-image-1141\" alt=\"\" srcset=\"https:\/\/playfate.com\/wp-content\/uploads\/2026\/03\/fate-reawakened-prometheus.webp 600w, https:\/\/playfate.com\/wp-content\/uploads\/2026\/03\/fate-reawakened-prometheus-300x137.webp 300w\" sizes=\"(max-width: 600px) 100vw, 600px\" \/>\t\t\t\t\t\t\t\t\t\t\t<figcaption class=\"widget-image-caption wp-caption-text\"><\/figcaption>\n\t\t\t\t\t\t\t\t\t\t<\/figure>\n\t\t\t\t\t\t\t\t\t<\/div>\n\t\t<div class=\"elementor-element elementor-element-e4d347c e-con-full e-flex e-con e-child\" data-id=\"e4d347c\" data-element_type=\"container\" data-e-type=\"container\">\n\t\t<div class=\"elementor-element elementor-element-ea1d66c e-con-full e-flex e-con e-child\" data-id=\"ea1d66c\" data-element_type=\"container\" data-e-type=\"container\">\n\t\t\t\t<div class=\"elementor-element elementor-element-5235dcd elementor-widget elementor-widget-image\" data-id=\"5235dcd\" data-element_type=\"widget\" data-e-type=\"widget\" data-widget_type=\"image.default\">\n\t\t\t\t\t\t\t\t\t\t\t\t\t\t\t\t<a href=\"https:\/\/store.steampowered.com\/app\/4362450\/FATE_Reawakened__Prometheus\" target=\"_blank\" rel=\"noopener\">\n\t\t\t\t\t\t\t<img decoding=\"async\" width=\"800\" height=\"400\" src=\"https:\/\/playfate.com\/wp-content\/uploads\/2026\/04\/wishlist-now-fr.webp\" class=\"attachment-large size-large wp-image-1117\" alt=\"Liste de souhaits\" srcset=\"https:\/\/playfate.com\/wp-content\/uploads\/2026\/04\/wishlist-now-fr.webp 1000w, https:\/\/playfate.com\/wp-content\/uploads\/2026\/04\/wishlist-now-fr-300x150.webp 300w, https:\/\/playfate.com\/wp-content\/uploads\/2026\/04\/wishlist-now-fr-768x384.webp 768w\" sizes=\"(max-width: 800px) 100vw, 800px\" \/>\t\t\t\t\t\t\t\t<\/a>\n\t\t\t\t\t\t\t\t\t\t\t\t\t\t\t<\/div>\n\t\t\t\t<\/div>\n\t\t\t\t<\/div>\n\t\t\t\t<div class=\"elementor-element elementor-element-4633859 elementor-widget elementor-widget-html\" data-id=\"4633859\" data-element_type=\"widget\" data-e-type=\"widget\" data-widget_type=\"html.default\">\n\t\t\t\t\t    <div class=\"lights\"><\/div><div class=\"lights\"><\/div><div class=\"lights\"><\/div><div class=\"lights\"><\/div><div class=\"lights\"><\/div><div class=\"lights\"><\/div><div class=\"lights\"><\/div><div class=\"lights\"><\/div><div class=\"lights\"><\/div><div class=\"lights\"><\/div>\n    \n    <style>\n.lights{position:absolute;left:50%;top:50%;width:.4vw;height:.4vw;margin:-.2vw 0 0 9.8vw;filter: blur(4px);animation:ease 200s alternate infinite;pointer-events:none}.lights::before{background:#000;opacity:.4;animation:drift ease alternate infinite}.lights::before,.lights::after{content:\"\";position:absolute;width:100%;height:100%;border-radius:50%;transform-origin:-10vw}.lights::after{background:#fff;opacity:0;box-shadow:0 0 0 0 #ff0;animation:drift ease alternate infinite,flash ease infinite}.lights:nth-child(1){animation-name:move1}.lights:nth-child(2){animation-name:move2}.lights:nth-child(3){animation-name:move3}.lights:nth-child(4){animation-name:move4}.lights:nth-child(5){animation-name:move5}.lights:nth-child(6){animation-name:move6}.lights:nth-child(7){animation-name:move7}.lights:nth-child(8){animation-name:move8}.lights:nth-child(9){animation-name:move9}.lights:nth-child(10){animation-name:move10}.lights:nth-child(1)::before{animation-duration:9s}.lights:nth-child(1)::after{animation-duration:9s,8024ms;animation-delay:0ms,8344ms}.lights:nth-child(2)::before{animation-duration:10s}.lights:nth-child(2)::after{animation-duration:10s,6618ms;animation-delay:0ms,4002ms}.lights:nth-child(3)::before{animation-duration:10s}.lights:nth-child(3)::after{animation-duration:10s,10413ms;animation-delay:0ms,5719ms}.lights:nth-child(4)::before{animation-duration:13s}.lights:nth-child(4)::after{animation-duration:13s,6293ms;animation-delay:0ms,2239ms}.lights:nth-child(5)::before{animation-duration:18s}.lights:nth-child(5)::after{animation-duration:18s,10401ms;animation-delay:0ms,5233ms}.lights:nth-child(6)::before{animation-duration:16s}.lights:nth-child(6)::after{animation-duration:16s,7447ms;animation-delay:0ms,4570ms}.lights:nth-child(7)::before{animation-duration:13s}.lights:nth-child(7)::after{animation-duration:13s,5205ms;animation-delay:0ms,3152ms}.lights:nth-child(8)::before{animation-duration:15s}.lights:nth-child(8)::after{animation-duration:15s,8445ms;animation-delay:0ms,728ms}.lights:nth-child(9)::before{animation-duration:16s}.lights:nth-child(9)::after{animation-duration:16s,6043ms;animation-delay:0ms,2574ms}.lights:nth-child(10)::before{animation-duration:15s}.lights:nth-child(10)::after{animation-duration:15s,8845ms;animation-delay:0ms,1464ms}@keyframes drift{0%{transform:rotate(0deg)}100%{transform:rotate(360deg)}}@keyframes flash{0%,30%,100%{opacity:0;box-shadow:0 0 0 0 #ff0}5%{opacity:1;box-shadow:0 0 2vw .4vw #ff0}}@keyframes move1{0%{transform:translateX(12vw) translateY(43vh) scale(0.76)}5.55556%{transform:translateX(-40vw) translateY(-30vh) scale(0.46)}11.1111%{transform:translateX(44vw) translateY(-6vh) scale(0.6)}16.6667%{transform:translateX(41vw) translateY(-33vh) scale(0.46)}22.2222%{transform:translateX(-38vw) translateY(1vh) scale(0.81)}27.7778%{transform:translateX(34vw) translateY(-46vh) scale(0.86)}33.3333%{transform:translateX(-35vw) translateY(25vh) scale(0.26)}44.4444%{transform:translateX(25vw) translateY(37vh) scale(0.62)}50%{transform:translateX(-2vw) translateY(-9vh) scale(0.61)}55.5556%{transform:translateX(-46vw) translateY(17vh) scale(0.82)}61.1111%{transform:translateX(9vw) translateY(23vh) scale(0.46)}66.6667%{transform:translateX(11vw) translateY(-39vh) scale(0.42)}72.2222%{transform:translateX(-47vw) translateY(11vh) scale(0.67)}77.7778%{transform:translateX(-38vw) translateY(-41vh) scale(0.66)}83.3333%{transform:translateX(26vw) translateY(44vh) scale(0.45)}88.8889%{transform:translateX(-23vw) translateY(-42vh) scale(0.26)}94.4444%{transform:translateX(-15vw) translateY(-38vh) scale(0.83)}100%{transform:translateX(39vw) translateY(-33vh) scale(0.73)}}@keyframes move2{0%{transform:translateX(50vw) translateY(16vh) scale(0.87)}4.7619%{transform:translateX(34vw) translateY(10vh) scale(0.5)}9.52381%{transform:translateX(27vw) translateY(-10vh) scale(0.93)}14.2857%{transform:translateX(0vw) translateY(21vh) scale(0.48)}19.0476%{transform:translateX(-26vw) translateY(39vh) scale(0.96)}23.8095%{transform:translateX(-24vw) translateY(-28vh) scale(0.47)}28.5714%{transform:translateX(36vw) translateY(-6vh) scale(0.32)}33.3333%{transform:translateX(-38vw) translateY(48vh) scale(0.69)}38.0952%{transform:translateX(34vw) translateY(-19vh) scale(0.84)}42.8571%{transform:translateX(5vw) translateY(-42vh) scale(0.77)}47.619%{transform:translateX(20vw) translateY(39vh) scale(0.51)}52.381%{transform:translateX(34vw) translateY(28vh) scale(0.69)}57.1429%{transform:translateX(-38vw) translateY(49vh) scale(0.28)}61.9048%{transform:translateX(-48vw) translateY(-1vh) scale(0.88)}66.6667%{transform:translateX(-9vw) translateY(-40vh) scale(0.32)}71.4286%{transform:translateX(-39vw) translateY(-24vh) scale(0.61)}76.1905%{transform:translateX(39vw) translateY(42vh) scale(0.53)}80.9524%{transform:translateX(9vw) translateY(18vh) scale(0.36)}85.7143%{transform:translateX(29vw) translateY(18vh) scale(0.88)}90.4762%{transform:translateX(-34vw) translateY(-36vh) scale(0.44)}95.2381%{transform:translateX(-38vw) translateY(27vh) scale(0.55)}100%{transform:translateX(12vw) translateY(19vh) scale(0.98)}}@keyframes move3{0%{transform:translateX(-39vw) translateY(39vh) scale(0.6)}3.7037%{transform:translateX(5vw) translateY(35vh) scale(0.55)}7.40741%{transform:translateX(31vw) translateY(-4vh) scale(0.45)}11.1111%{transform:translateX(44vw) translateY(-34vh) scale(0.3)}14.8148%{transform:translateX(-41vw) translateY(-46vh) scale(0.61)}18.5185%{transform:translateX(24vw) translateY(-49vh) scale(0.61)}22.2222%{transform:translateX(8vw) translateY(9vh) scale(0.76)}25.9259%{transform:translateX(-8vw) translateY(34vh) scale(0.31)}29.6296%{transform:translateX(1vw) translateY(45vh) scale(1)}33.3333%{transform:translateX(34vw) translateY(-8vh) scale(0.69)}37.037%{transform:translateX(27vw) translateY(-37vh) scale(0.67)}40.7407%{transform:translateX(-46vw) translateY(-17vh) scale(0.61)}44.4444%{transform:translateX(-19vw) translateY(-2vh) scale(0.32)}48.1481%{transform:translateX(-18vw) translateY(-28vh) scale(0.33)}51.8519%{transform:translateX(35vw) translateY(41vh) scale(0.84)}55.5556%{transform:translateX(-17vw) translateY(13vh) scale(0.67)}59.2593%{transform:translateX(-8vw) translateY(-7vh) scale(0.55)}62.963%{transform:translateX(10vw) translateY(8vh) scale(0.69)}66.6667%{transform:translateX(42vw) translateY(-3vh) scale(0.5)}70.3704%{transform:translateX(-14vw) translateY(-23vh) scale(0.52)}74.0741%{transform:translateX(26vw) translateY(-4vh) scale(0.97)}77.7778%{transform:translateX(-5vw) translateY(-42vh) scale(0.73)}81.4815%{transform:translateX(-33vw) translateY(8vh) scale(0.88)}85.1852%{transform:translateX(35vw) translateY(30vh) scale(0.55)}88.8889%{transform:translateX(0vw) translateY(-28vh) scale(0.48)}92.5926%{transform:translateX(-15vw) translateY(-14vh) scale(0.85)}96.2963%{transform:translateX(-29vw) translateY(36vh) scale(0.68)}100%{transform:translateX(-36vw) translateY(-15vh) scale(0.46)}}@keyframes move4{0%{transform:translateX(-26vw) translateY(31vh) scale(0.52)}3.7037%{transform:translateX(-38vw) translateY(-36vh) scale(0.32)}7.40741%{transform:translateX(-36vw) translateY(12vh) scale(0.95)}11.1111%{transform:translateX(49vw) translateY(31vh) scale(0.92)}14.8148%{transform:translateX(-30vw) translateY(-26vh) scale(0.64)}18.5185%{transform:translateX(-21vw) translateY(-20vh) scale(0.79)}22.2222%{transform:translateX(-45vw) translateY(-20vh) scale(0.5)}25.9259%{transform:translateX(8vw) translateY(41vh) scale(0.5)}29.6296%{transform:translateX(31vw) translateY(-6vh) scale(0.9)}33.3333%{transform:translateX(-39vw) translateY(20vh) scale(0.75)}37.037%{transform:translateX(-2vw) translateY(32vh) scale(0.83)}40.7407%{transform:translateX(-24vw) translateY(38vh) scale(0.66)}44.4444%{transform:translateX(-19vw) translateY(50vh) scale(0.63)}48.1481%{transform:translateX(-19vw) translateY(14vh) scale(0.61)}51.8519%{transform:translateX(47vw) translateY(-5vh) scale(0.47)}55.5556%{transform:translateX(-5vw) translateY(41vh) scale(0.76)}59.2593%{transform:translateX(12vw) translateY(25vh) scale(0.84)}62.963%{transform:translateX(48vw) translateY(23vh) scale(0.33)}66.6667%{transform:translateX(-44vw) translateY(-31vh) scale(0.84)}70.3704%{transform:translateX(-22vw) translateY(25vh) scale(0.59)}74.0741%{transform:translateX(-19vw) translateY(-29vh) scale(0.78)}77.7778%{transform:translateX(-46vw) translateY(-17vh) scale(0.84)}81.4815%{transform:translateX(15vw) translateY(1vh) scale(0.87)}85.1852%{transform:translateX(-11vw) translateY(-19vh) scale(0.9)}88.8889%{transform:translateX(-44vw) translateY(-11vh) scale(0.62)}92.5926%{transform:translateX(-38vw) translateY(3vh) scale(0.88)}96.2963%{transform:translateX(-26vw) translateY(-8vh) scale(0.9)}100%{transform:translateX(6vw) translateY(7vh) scale(0.54)}}@keyframes move5{0%{transform:translateX(37vw) translateY(48vh) scale(0.77)}4.54545%{transform:translateX(7vw) translateY(3vh) scale(0.3)}9.09091%{transform:translateX(27vw) translateY(-40vh) scale(0.77)}13.6364%{transform:translateX(-42vw) translateY(14vh) scale(0.9)}18.1818%{transform:translateX(6vw) translateY(40vh) scale(0.93)}22.7273%{transform:translateX(-29vw) translateY(48vh) scale(0.72)}27.2727%{transform:translateX(23vw) translateY(9vh) scale(0.63)}31.8182%{transform:translateX(12vw) translateY(44vh) scale(0.68)}36.3636%{transform:translateX(17vw) translateY(-6vh) scale(0.68)}40.9091%{transform:translateX(-25vw) translateY(-21vh) scale(0.91)}45.4545%{transform:translateX(15vw) translateY(-14vh) scale(0.94)}50%{transform:translateX(29vw) translateY(-29vh) scale(0.91)}54.5455%{transform:translateX(-14vw) translateY(-28vh) scale(0.58)}59.0909%{transform:translateX(50vw) translateY(48vh) scale(0.8)}63.6364%{transform:translateX(0vw) translateY(3vh) scale(0.47)}68.1818%{transform:translateX(-18vw) translateY(-22vh) scale(0.83)}72.7273%{transform:translateX(-38vw) translateY(-44vh) scale(0.92)}77.2727%{transform:translateX(-2vw) translateY(42vh) scale(0.76)}81.8182%{transform:translateX(-8vw) translateY(-10vh) scale(0.84)}86.3636%{transform:translateX(-25vw) translateY(-4vh) scale(0.76)}90.9091%{transform:translateX(29vw) translateY(37vh) scale(0.7)}95.4545%{transform:translateX(-40vw) translateY(-1vh) scale(0.92)}100%{transform:translateX(-34vw) translateY(-1vh) scale(0.58)}}@keyframes move6{0%{transform:translateX(-49vw) translateY(-1vh) scale(0.63)}5.88235%{transform:translateX(-36vw) translateY(43vh) scale(0.99)}11.7647%{transform:translateX(35vw) translateY(-38vh) scale(0.49)}17.6471%{transform:translateX(47vw) translateY(38vh) scale(0.89)}23.5294%{transform:translateX(30vw) translateY(-3vh) scale(0.33)}29.4118%{transform:translateX(-44vw) translateY(38vh) scale(0.87)}35.2941%{transform:translateX(-23vw) translateY(19vh) scale(0.79)}41.1765%{transform:translateX(-22vw) translateY(24vh) scale(0.8)}47.0588%{transform:translateX(13vw) translateY(0vh) scale(0.67)}52.9412%{transform:translateX(5vw) translateY(12vh) scale(0.67)}58.8235%{transform:translateX(-48vw) translateY(24vh) scale(0.59)}64.7059%{transform:translateX(-10vw) translateY(-26vh) scale(0.85)}70.5882%{transform:translateX(-46vw) translateY(46vh) scale(0.5)}76.4706%{transform:translateX(21vw) translateY(25vh) scale(0.87)}82.3529%{transform:translateX(-43vw) translateY(-35vh) scale(0.93)}88.2353%{transform:translateX(-27vw) translateY(18vh) scale(0.53)}94.1176%{transform:translateX(25vw) translateY(-8vh) scale(0.81)}100%{transform:translateX(42vw) translateY(-29vh) scale(0.52)}}@keyframes move7{0%{transform:translateX(-10vw) translateY(17vh) scale(0.65)}4.34783%{transform:translateX(-24vw) translateY(1vh) scale(0.89)}8.69565%{transform:translateX(-43vw) translateY(42vh) scale(0.67)}13.0435%{transform:translateX(-8vw) translateY(23vh) scale(0.76)}17.3913%{transform:translateX(-41vw) translateY(-5vh) scale(0.75)}21.7391%{transform:translateX(-8vw) translateY(31vh) scale(1)}26.087%{transform:translateX(30vw) translateY(-46vh) scale(0.53)}30.4348%{transform:translateX(-40vw) translateY(-19vh) scale(0.31)}34.7826%{transform:translateX(31vw) translateY(43vh) scale(0.37)}39.1304%{transform:translateX(-22vw) translateY(-3vh) scale(0.57)}43.4783%{transform:translateX(41vw) translateY(1vh) scale(0.86)}47.8261%{transform:translateX(-29vw) translateY(-30vh) scale(0.26)}52.1739%{transform:translateX(-10vw) translateY(10vh) scale(0.31)}56.5217%{transform:translateX(18vw) translateY(-44vh) scale(0.83)}60.8696%{transform:translateX(2vw) translateY(32vh) scale(0.67)}65.2174%{transform:translateX(27vw) translateY(19vh) scale(0.71)}69.5652%{transform:translateX(28vw) translateY(7vh) scale(0.93)}73.913%{transform:translateX(-43vw) translateY(-15vh) scale(0.57)}78.2609%{transform:translateX(25vw) translateY(41vh) scale(0.65)}82.6087%{transform:translateX(-38vw) translateY(-47vh) scale(1)}86.9565%{transform:translateX(26vw) translateY(36vh) scale(0.72)}91.3043%{transform:translateX(-35vw) translateY(-45vh) scale(0.78)}95.6522%{transform:translateX(-7vw) translateY(-14vh) scale(0.29)}100%{transform:translateX(-13vw) translateY(0vh) scale(0.38)}}@keyframes move8{0%{transform:translateX(3vw) translateY(12vh) scale(0.46)}4%{transform:translateX(-16vw) translateY(-19vh) scale(0.74)}8%{transform:translateX(2vw) translateY(-43vh) scale(0.45)}12%{transform:translateX(10vw) translateY(17vh) scale(0.46)}16%{transform:translateX(-18vw) translateY(16vh) scale(0.99)}20%{transform:translateX(23vw) translateY(-40vh) scale(0.3)}24%{transform:translateX(9vw) translateY(23vh) scale(0.65)}28%{transform:translateX(36vw) translateY(-31vh) scale(0.72)}32%{transform:translateX(-38vw) translateY(-43vh) scale(0.86)}36%{transform:translateX(-38vw) translateY(-44vh) scale(0.5)}40%{transform:translateX(39vw) translateY(34vh) scale(0.5)}44%{transform:translateX(-19vw) translateY(45vh) scale(0.41)}48%{transform:translateX(43vw) translateY(-11vh) scale(0.49)}52%{transform:translateX(50vw) translateY(7vh) scale(0.83)}56%{transform:translateX(-48vw) translateY(-41vh) scale(0.42)}60%{transform:translateX(33vw) translateY(18vh) scale(0.78)}64%{transform:translateX(-22vw) translateY(-7vh) scale(0.34)}68%{transform:translateX(-16vw) translateY(-12vh) scale(0.66)}72%{transform:translateX(-48vw) translateY(-24vh) scale(1)}76%{transform:translateX(-23vw) translateY(-35vh) scale(0.64)}80%{transform:translateX(10vw) translateY(-47vh) scale(0.45)}84%{transform:translateX(-29vw) translateY(11vh) scale(0.79)}88%{transform:translateX(23vw) translateY(-18vh) scale(0.73)}92%{transform:translateX(19vw) translateY(-16vh) scale(0.91)}96%{transform:translateX(11vw) translateY(-19vh) scale(0.6)}100%{transform:translateX(24vw) translateY(9vh) scale(0.78)}}@keyframes move9{0%{transform:translateX(38vw) translateY(-21vh) scale(0.88)}3.84615%{transform:translateX(18vw) translateY(2vh) scale(0.51)}7.69231%{transform:translateX(-10vw) translateY(25vh) scale(0.74)}11.5385%{transform:translateX(45vw) translateY(26vh) scale(0.74)}15.3846%{transform:translateX(-2vw) translateY(-8vh) scale(0.29)}19.2308%{transform:translateX(-26vw) translateY(28vh) scale(0.95)}23.0769%{transform:translateX(-31vw) translateY(2vh) scale(0.99)}26.9231%{transform:translateX(-20vw) translateY(13vh) scale(0.28)}30.7692%{transform:translateX(-18vw) translateY(27vh) scale(0.9)}34.6154%{transform:translateX(17vw) translateY(-15vh) scale(0.39)}38.4615%{transform:translateX(-16vw) translateY(3vh) scale(0.9)}42.3077%{transform:translateX(-25vw) translateY(7vh) scale(0.29)}46.1538%{transform:translateX(-41vw) translateY(-1vh) scale(0.97)}50%{transform:translateX(2vw) translateY(28vh) scale(0.42)}53.8462%{transform:translateX(26vw) translateY(-11vh) scale(0.48)}57.6923%{transform:translateX(46vw) translateY(-48vh) scale(0.71)}61.5385%{transform:translateX(-39vw) translateY(33vh) scale(0.74)}65.3846%{transform:translateX(6vw) translateY(17vh) scale(0.99)}69.2308%{transform:translateX(11vw) translateY(18vh) scale(0.31)}73.0769%{transform:translateX(15vw) translateY(-42vh) scale(0.92)}76.9231%{transform:translateX(-18vw) translateY(15vh) scale(0.44)}80.7692%{transform:translateX(-46vw) translateY(-21vh) scale(0.72)}84.6154%{transform:translateX(9vw) translateY(32vh) scale(0.99)}88.4615%{transform:translateX(-12vw) translateY(6vh) scale(0.47)}92.3077%{transform:translateX(34vw) translateY(-37vh) scale(0.44)}96.1538%{transform:translateX(-27vw) translateY(-34vh) scale(0.88)}100%{transform:translateX(-1vw) translateY(30vh) scale(0.31)}}@keyframes move10{0%{transform:translateX(-28vw) translateY(29vh) scale(0.39)}3.84615%{transform:translateX(7vw) translateY(-16vh) scale(0.76)}7.69231%{transform:translateX(-16vw) translateY(48vh) scale(0.57)}11.5385%{transform:translateX(22vw) translateY(-9vh) scale(0.89)}15.3846%{transform:translateX(31vw) translateY(-42vh) scale(0.35)}19.2308%{transform:translateX(-41vw) translateY(13vh) scale(0.93)}23.0769%{transform:translateX(46vw) translateY(-13vh) scale(0.34)}26.9231%{transform:translateX(-48vw) translateY(-21vh) scale(0.87)}30.7692%{transform:translateX(-5vw) translateY(-48vh) scale(0.71)}34.6154%{transform:translateX(-25vw) translateY(-8vh) scale(0.88)}38.4615%{transform:translateX(-41vw) translateY(-23vh) scale(0.59)}42.3077%{transform:translateX(29vw) translateY(38vh) scale(0.74)}46.1538%{transform:translateX(-36vw) translateY(-37vh) scale(0.87)}50%{transform:translateX(35vw) translateY(-41vh) scale(0.84)}53.8462%{transform:translateX(4vw) translateY(43vh) scale(0.53)}57.6923%{transform:translateX(16vw) translateY(2vh) scale(0.74)}61.5385%{transform:translateX(16vw) translateY(-42vh) scale(0.32)}65.3846%{transform:translateX(40vw) translateY(-44vh) scale(0.62)}69.2308%{transform:translateX(-29vw) translateY(-8vh) scale(0.43)}73.0769%{transform:translateX(-35vw) translateY(-36vh) scale(0.53)}76.9231%{transform:translateX(31vw) translateY(-11vh) scale(0.65)}80.7692%{transform:translateX(-37vw) translateY(19vh) scale(0.51)}84.6154%{transform:translateX(11vw) translateY(50vh) scale(0.3)}88.4615%{transform:translateX(-18vw) translateY(-40vh) scale(0.55)}92.3077%{transform:translateX(-33vw) translateY(9vh) scale(0.69)}96.1538%{transform:translateX(-34vw) translateY(-17vh) scale(0.27)}100%{transform:translateX(6vw) translateY(22vh) scale(0.39)}}\n<\/style>\t\t\t\t<\/div>\n\t\t<div class=\"elementor-element elementor-element-04e362e e-flex e-con-boxed e-con e-child\" data-id=\"04e362e\" data-element_type=\"container\" data-e-type=\"container\">\n\t\t\t\t\t<div class=\"e-con-inner\">\n\t\t<div class=\"elementor-element elementor-element-590564e e-con-full fate-reawakened-video e-flex e-con e-child\" data-id=\"590564e\" data-element_type=\"container\" data-e-type=\"container\" data-settings=\"{&quot;background_background&quot;:&quot;classic&quot;}\">\n\t\t\t\t<div class=\"elementor-element elementor-element-85d3138 elementor-widget elementor-widget-video\" data-id=\"85d3138\" data-element_type=\"widget\" data-e-type=\"widget\" data-settings=\"{&quot;youtube_url&quot;:&quot;https:\\\/\\\/youtu.be\\\/84fxMkQLTdI&quot;,&quot;yt_privacy&quot;:&quot;yes&quot;,&quot;lazy_load&quot;:&quot;yes&quot;,&quot;video_type&quot;:&quot;youtube&quot;}\" data-widget_type=\"video.default\">\n\t\t\t\t\t\t\t<div class=\"elementor-wrapper elementor-open-inline\">\n\t\t\t<div class=\"elementor-video\"><\/div>\t\t<\/div>\n\t\t\t\t\t\t<\/div>\n\t\t\t\t<\/div>\n\t\t<div class=\"elementor-element elementor-element-5983aeb e-con-full e-flex e-con e-child\" data-id=\"5983aeb\" data-element_type=\"container\" data-e-type=\"container\">\n\t\t\t\t<div class=\"elementor-element elementor-element-b1e72c4 elementor-widget elementor-widget-heading\" data-id=\"b1e72c4\" data-element_type=\"widget\" data-e-type=\"widget\" data-widget_type=\"heading.default\">\n\t\t\t\t\t<h2 class=\"elementor-heading-title elementor-size-default\">Votre voyage se poursuit, H\u00e9ros.<\/h2>\t\t\t\t<\/div>\n\t\t\t\t<div class=\"elementor-element elementor-element-de26e6f elementor-widget elementor-widget-text-editor\" data-id=\"de26e6f\" data-element_type=\"widget\" data-e-type=\"widget\" data-widget_type=\"text-editor.default\">\n\t\t\t\t\t\t\t\t\t<p>Une nouvelle destination vous attend dans FATE : Reawakened, la cit\u00e9 perdue de Prometheus. Jadis b\u00e9nie des dieux et prot\u00e9g\u00e9e par la Flamme d&rsquo;or, cette ville est maintenant \u00e0 l&rsquo;abandon, dans une nuit \u00e9ternelle. <\/p><p>Des profondeur du grand temple a \u00e9merg\u00e9 Erebos, qui a vol\u00e9 la flamme sacr\u00e9e et jet\u00e9 cette terre dans les t\u00e9n\u00e8bres. Depuis ce jour, des cr\u00e9atures d&rsquo;ombre y r\u00f4dent. <\/p><p>Maintenant, le peuple de Prometheus a besoin d&rsquo;un H\u00e9ros.<br><em>Le serez-vous ?<\/em><\/p><p><strong>La DLC FATE : Reawakened Prometheus arrive, et avec elle, un tout nouveau chapitre \u00e0 votre aventure.<\/strong><\/p>\t\t\t\t\t\t\t\t<\/div>\n\t\t\t\t<\/div>\n\t\t\t\t\t<\/div>\n\t\t\t\t<\/div>\n\t\t\t\t<\/div>\n\t\t<div class=\"elementor-element elementor-element-4b39982 e-con-full stone-divider-section mobile e-flex e-con e-child\" data-id=\"4b39982\" data-element_type=\"container\" data-e-type=\"container\" data-settings=\"{&quot;background_background&quot;:&quot;classic&quot;}\">\n\t\t\t\t<\/div>\n\t\t\t\t<\/div>\n\t\t\t\t<\/div>\n\t\t","protected":false},"excerpt":{"rendered":"<p>https:\/\/youtu.be\/84fxMkQLTdI Votre voyage se poursuit, H\u00e9ros. Une nouvelle destination vous attend dans FATE : Reawakened, la cit\u00e9 perdue de Prometheus. Jadis b\u00e9nie des dieux et prot\u00e9g\u00e9e par la Flamme d&rsquo;or, cette ville est maintenant \u00e0 l&rsquo;abandon, dans une nuit \u00e9ternelle. Des profondeur du grand temple a \u00e9merg\u00e9 Erebos, qui a vol\u00e9 la flamme sacr\u00e9e et [&hellip;]<\/p>\n","protected":false},"author":2,"featured_media":0,"parent":1098,"menu_order":0,"comment_status":"closed","ping_status":"closed","template":"","meta":{"_acf_changed":false,"footnotes":""},"class_list":["post-1140","page","type-page","status-publish","hentry"],"acf":[],"_links":{"self":[{"href":"https:\/\/playfate.com\/fr\/wp-json\/wp\/v2\/pages\/1140","targetHints":{"allow":["GET"]}}],"collection":[{"href":"https:\/\/playfate.com\/fr\/wp-json\/wp\/v2\/pages"}],"about":[{"href":"https:\/\/playfate.com\/fr\/wp-json\/wp\/v2\/types\/page"}],"author":[{"embeddable":true,"href":"https:\/\/playfate.com\/fr\/wp-json\/wp\/v2\/users\/2"}],"replies":[{"embeddable":true,"href":"https:\/\/playfate.com\/fr\/wp-json\/wp\/v2\/comments?post=1140"}],"version-history":[{"count":0,"href":"https:\/\/playfate.com\/fr\/wp-json\/wp\/v2\/pages\/1140\/revisions"}],"up":[{"embeddable":true,"href":"https:\/\/playfate.com\/fr\/wp-json\/wp\/v2\/pages\/1098"}],"wp:attachment":[{"href":"https:\/\/playfate.com\/fr\/wp-json\/wp\/v2\/media?parent=1140"}],"curies":[{"name":"wp","href":"https:\/\/api.w.org\/{rel}","templated":true}]}}