{"id":440,"date":"2024-08-28T12:34:14","date_gmt":"2024-08-28T12:34:14","guid":{"rendered":"https:\/\/playfate.com\/aviso-legal\/"},"modified":"2025-08-01T14:44:21","modified_gmt":"2025-08-01T14:44:21","slug":"aviso-legal","status":"publish","type":"page","link":"https:\/\/playfate.com\/es\/aviso-legal\/","title":{"rendered":"Aviso legal"},"content":{"rendered":"\t\t<div data-elementor-type=\"wp-page\" data-elementor-id=\"440\" class=\"elementor elementor-440 elementor-68\" data-elementor-post-type=\"page\">\n\t\t\t\t<div class=\"elementor-element elementor-element-2549d67e e-con-full e-flex e-con e-parent\" data-id=\"2549d67e\" data-element_type=\"container\" data-e-type=\"container\" data-settings=\"{&quot;background_background&quot;:&quot;classic&quot;}\">\n\t\t<div class=\"elementor-element elementor-element-cb100a1 e-flex e-con-boxed e-con e-child\" data-id=\"cb100a1\" data-element_type=\"container\" data-e-type=\"container\">\n\t\t\t\t\t<div class=\"e-con-inner\">\n\t\t\t\t<div class=\"elementor-element elementor-element-01ab42b elementor-widget elementor-widget-heading\" data-id=\"01ab42b\" data-element_type=\"widget\" data-e-type=\"widget\" data-widget_type=\"heading.default\">\n\t\t\t\t\t<h1 class=\"elementor-heading-title elementor-size-default\">Aviso legal<\/h1>\t\t\t\t<\/div>\n\t\t\t\t<div class=\"elementor-element elementor-element-1164c0b1 elementor-widget elementor-widget-text-editor\" data-id=\"1164c0b1\" data-element_type=\"widget\" data-e-type=\"widget\" data-widget_type=\"text-editor.default\">\n\t\t\t\t\t\t\t\t\t<p><strong>gamigo US Inc.<\/strong><br \/>3800 Quick Hill Road<br \/>Austin, TX 78728<br \/>EE. UU.<\/p>\n<p>Oficina registrada: 850 New Burton Road, Suite 201, Dover, Condado de Kent, Delaware 19904, EE. UU.<\/p>\n<p>Correo electr\u00f3nico: <a href=\"mailto:corp-help@wildtangent.com\">corp-help@wildtangent.com<\/a> (no para consultas de soporte t\u00e9cnico)<\/p>\n<p>Funcionario distrital encargado de la protecci\u00f3n a los j\u00f3venes: Dr. Andreas Lober<br \/><a href=\"mailto:youthprotection@gamigo.com\">youthprotection@gamigo.com<\/a><\/p>\n<p>Director Ejecutivo: Wolfgang Duhr<\/p>\n<p>Empresa registrada en el estado de Delaware<br \/>N\u00famero de expediente: 7097021<br \/>CIF: EU 276 015 462<\/p>\n<p>El control editorial (de conformidad con el \u00a7 18, p\u00e1rrafo 2, del MStV alem\u00e1n) est\u00e1 en manos de:<br \/>Wolfgang Duhr<br \/>Behringstra\u00dfe 16b<br \/>22765 Hamburg<br \/>Alemania<\/p>\n<p>No participamos en los procedimientos de resoluci\u00f3n de disputas ante un Servicio de arbitraje de consumo, y no estamos obligados a hacerlo.<\/p>\n\t\t\t\t\t\t\t\t<\/div>\n\t\t\t\t\t<\/div>\n\t\t\t\t<\/div>\n\t\t\t\t<\/div>\n\t\t<div class=\"elementor-element elementor-element-4c515d4 e-con-full stone-divider-section e-flex e-con e-parent\" data-id=\"4c515d4\" data-element_type=\"container\" data-e-type=\"container\" data-settings=\"{&quot;background_background&quot;:&quot;classic&quot;}\">\n\t\t\t\t<\/div>\n\t\t\t\t<\/div>\n\t\t","protected":false},"excerpt":{"rendered":"<p>gamigo US Inc.3800 Quick Hill RoadAustin, TX 78728EE. UU. Oficina registrada: 850 New Burton Road, Suite 201, Dover, Condado de Kent, Delaware 19904, EE. UU. Correo electr\u00f3nico: corp-help@wildtangent.com (no para consultas de soporte t\u00e9cnico) Funcionario distrital encargado de la protecci\u00f3n a los j\u00f3venes: Dr. Andreas Loberyouthprotection@gamigo.com Director Ejecutivo: Wolfgang Duhr Empresa registrada en el estado [&hellip;]<\/p>\n","protected":false},"author":1,"featured_media":0,"parent":0,"menu_order":0,"comment_status":"closed","ping_status":"closed","template":"","meta":{"_acf_changed":false,"footnotes":""},"class_list":["post-440","page","type-page","status-publish","hentry"],"acf":[],"_links":{"self":[{"href":"https:\/\/playfate.com\/es\/wp-json\/wp\/v2\/pages\/440","targetHints":{"allow":["GET"]}}],"collection":[{"href":"https:\/\/playfate.com\/es\/wp-json\/wp\/v2\/pages"}],"about":[{"href":"https:\/\/playfate.com\/es\/wp-json\/wp\/v2\/types\/page"}],"author":[{"embeddable":true,"href":"https:\/\/playfate.com\/es\/wp-json\/wp\/v2\/users\/1"}],"replies":[{"embeddable":true,"href":"https:\/\/playfate.com\/es\/wp-json\/wp\/v2\/comments?post=440"}],"version-history":[{"count":0,"href":"https:\/\/playfate.com\/es\/wp-json\/wp\/v2\/pages\/440\/revisions"}],"wp:attachment":[{"href":"https:\/\/playfate.com\/es\/wp-json\/wp\/v2\/media?parent=440"}],"curies":[{"name":"wp","href":"https:\/\/api.w.org\/{rel}","templated":true}]}}