{"id":411,"date":"2024-08-28T12:34:14","date_gmt":"2024-08-28T12:34:14","guid":{"rendered":"https:\/\/playfate.com\/impressum\/"},"modified":"2025-08-01T14:32:35","modified_gmt":"2025-08-01T14:32:35","slug":"impressum","status":"publish","type":"page","link":"https:\/\/playfate.com\/de\/impressum\/","title":{"rendered":"Impressum"},"content":{"rendered":"\t\t<div data-elementor-type=\"wp-page\" data-elementor-id=\"411\" class=\"elementor elementor-411 elementor-68\" data-elementor-post-type=\"page\">\n\t\t\t\t<div class=\"elementor-element elementor-element-2549d67e e-con-full e-flex e-con e-parent\" data-id=\"2549d67e\" data-element_type=\"container\" data-e-type=\"container\" data-settings=\"{&quot;background_background&quot;:&quot;classic&quot;}\">\n\t\t<div class=\"elementor-element elementor-element-cb100a1 e-flex e-con-boxed e-con e-child\" data-id=\"cb100a1\" data-element_type=\"container\" data-e-type=\"container\">\n\t\t\t\t\t<div class=\"e-con-inner\">\n\t\t\t\t<div class=\"elementor-element elementor-element-01ab42b elementor-widget elementor-widget-heading\" data-id=\"01ab42b\" data-element_type=\"widget\" data-e-type=\"widget\" data-widget_type=\"heading.default\">\n\t\t\t\t\t<h1 class=\"elementor-heading-title elementor-size-default\">Impressum<\/h1>\t\t\t\t<\/div>\n\t\t\t\t<div class=\"elementor-element elementor-element-1164c0b1 elementor-widget elementor-widget-text-editor\" data-id=\"1164c0b1\" data-element_type=\"widget\" data-e-type=\"widget\" data-widget_type=\"text-editor.default\">\n\t\t\t\t\t\t\t\t\t<p><strong>gamigo US Inc.<\/strong><br \/>3800 Quick Hill Road<br \/>Austin, TX 78728<br \/>USA<\/p>\n<p>Registrierter Firmensitz: 850 New Burton Road, Suite 201, Dover, County of Kent, Delaware 19904, USA<\/p>\n<p>E-Mail: <a href=\"mailto:corp-help@wildtangent.com\">corp-help@wildtangent.com<\/a> (nicht f\u00fcr Support-Anfragen)<\/p>\n<p>Jugendschutzbeauftragter: Dr. Andreas Lober<br \/><a href=\"mailto:jugendschutz@gamigo.com\">jugendschutz@gamigo.com<\/a><\/p>\n<p>Gesch\u00e4ftsf\u00fchrer: Wolfgang Duhr<\/p>\n<p>Eine Delaware Corporation<br \/>Aktenzeichen: 7097021<br \/>Umsatzsteueridentifikationsnummer: EU 276 015 462<\/p>\n<p>Inhaltlich verantwortlich (nach \u00a7 18 Abs. 2 MStV):<br \/>Wolfgang Duhr<br \/>Behringstra\u00dfe 16 b<br \/>22765 Hamburg<br \/>Deutschland<\/p>\n<p>Wir nehmen an einem Streitbeilegungsverfahren vor einer Verbraucherstelle nicht teil und sind hierzu auch nicht verpflichtet.<\/p>\n\t\t\t\t\t\t\t\t<\/div>\n\t\t\t\t\t<\/div>\n\t\t\t\t<\/div>\n\t\t\t\t<\/div>\n\t\t<div class=\"elementor-element elementor-element-4c515d4 e-con-full stone-divider-section e-flex e-con e-parent\" data-id=\"4c515d4\" data-element_type=\"container\" data-e-type=\"container\" data-settings=\"{&quot;background_background&quot;:&quot;classic&quot;}\">\n\t\t\t\t<\/div>\n\t\t\t\t<\/div>\n\t\t","protected":false},"excerpt":{"rendered":"<p>gamigo US Inc.3800 Quick Hill RoadAustin, TX 78728USA Registrierter Firmensitz: 850 New Burton Road, Suite 201, Dover, County of Kent, Delaware 19904, USA E-Mail: corp-help@wildtangent.com (nicht f\u00fcr Support-Anfragen) Jugendschutzbeauftragter: Dr. Andreas Loberjugendschutz@gamigo.com Gesch\u00e4ftsf\u00fchrer: Wolfgang Duhr Eine Delaware CorporationAktenzeichen: 7097021Umsatzsteueridentifikationsnummer: EU 276 015 462 Inhaltlich verantwortlich (nach \u00a7 18 Abs. 2 MStV):Wolfgang DuhrBehringstra\u00dfe 16 b22765 HamburgDeutschland [&hellip;]<\/p>\n","protected":false},"author":1,"featured_media":0,"parent":0,"menu_order":0,"comment_status":"closed","ping_status":"closed","template":"","meta":{"_acf_changed":false,"footnotes":""},"class_list":["post-411","page","type-page","status-publish","hentry"],"acf":[],"_links":{"self":[{"href":"https:\/\/playfate.com\/de\/wp-json\/wp\/v2\/pages\/411","targetHints":{"allow":["GET"]}}],"collection":[{"href":"https:\/\/playfate.com\/de\/wp-json\/wp\/v2\/pages"}],"about":[{"href":"https:\/\/playfate.com\/de\/wp-json\/wp\/v2\/types\/page"}],"author":[{"embeddable":true,"href":"https:\/\/playfate.com\/de\/wp-json\/wp\/v2\/users\/1"}],"replies":[{"embeddable":true,"href":"https:\/\/playfate.com\/de\/wp-json\/wp\/v2\/comments?post=411"}],"version-history":[{"count":0,"href":"https:\/\/playfate.com\/de\/wp-json\/wp\/v2\/pages\/411\/revisions"}],"wp:attachment":[{"href":"https:\/\/playfate.com\/de\/wp-json\/wp\/v2\/media?parent=411"}],"curies":[{"name":"wp","href":"https:\/\/api.w.org\/{rel}","templated":true}]}}